{"id":51,"date":"2023-07-28T12:18:28","date_gmt":"2023-07-28T10:18:28","guid":{"rendered":"https:\/\/henn-zweiraeder.de\/?page_id=51"},"modified":"2023-08-08T16:51:20","modified_gmt":"2023-08-08T14:51:20","slug":"service","status":"publish","type":"page","link":"https:\/\/henn-zweiraeder.de\/?page_id=51","title":{"rendered":"SERVICE"},"content":{"rendered":"\n<div class=\"wp-block-cover alignwide is-light\" style=\"min-height:475px;aspect-ratio:unset;\"><span aria-hidden=\"true\" class=\"wp-block-cover__background has-background-dim-10 has-background-dim\"><\/span><img loading=\"lazy\" decoding=\"async\" width=\"1024\" height=\"682\" class=\"wp-block-cover__image-background wp-image-378\" alt=\"\" src=\"https:\/\/henn-zweiraeder.de\/wp-content\/uploads\/2023\/08\/MY22_RevoltADVPro_Berry_Action_13-1024x682.jpg\" data-object-fit=\"cover\" srcset=\"https:\/\/henn-zweiraeder.de\/wp-content\/uploads\/2023\/08\/MY22_RevoltADVPro_Berry_Action_13-1024x682.jpg 1024w, https:\/\/henn-zweiraeder.de\/wp-content\/uploads\/2023\/08\/MY22_RevoltADVPro_Berry_Action_13-300x200.jpg 300w, https:\/\/henn-zweiraeder.de\/wp-content\/uploads\/2023\/08\/MY22_RevoltADVPro_Berry_Action_13-768x512.jpg 768w, https:\/\/henn-zweiraeder.de\/wp-content\/uploads\/2023\/08\/MY22_RevoltADVPro_Berry_Action_13-1536x1024.jpg 1536w, https:\/\/henn-zweiraeder.de\/wp-content\/uploads\/2023\/08\/MY22_RevoltADVPro_Berry_Action_13.jpg 2000w\" sizes=\"auto, (max-width: 1024px) 100vw, 1024px\" \/><div class=\"wp-block-cover__inner-container is-layout-flow wp-block-cover-is-layout-flow\">\n<p class=\"has-text-align-center has-white-color has-text-color has-large-font-size\" style=\"text-transform:uppercase\">Unsere Service-Leistungen<\/p>\n<\/div><\/div>\n\n\n\n<p><\/p>\n\n\n\n<p>HENN Zweir\u00e4der bietet Ihnen einen umfassenden Service rund um Fahrr\u00e4der und E-Bikes. Wir sind leidenschaftliche Radfahrer und stehen Ihnen mit unserer langj\u00e4hrigen Erfahrung und Begeisterung gerne zur Seite.<\/p>\n\n\n\n<p><strong>Fachkundige Beratung<\/strong><\/p>\n\n\n\n<p>Unser erfahrenes Team steht Ihnen mit Rat und Tat zur Seite, um Ihnen bei der Auswahl des idealen Fahrrads oder E-Bikes zu helfen. Wir h\u00f6ren Ihnen genau zu, ber\u00fccksichtigen Ihre individuellen Anforderungen und empfehlen Ihnen Modelle, die Ihren Anforderungen und Ihrem Budget entsprechen.<\/p>\n\n\n\n<p><strong>Probefahrten<\/strong><\/p>\n\n\n\n<p>Wir wissen, dass der Kauf eines neuen Fahrrads eine wichtige Entscheidung ist. Deshalb bieten wir Ihnen die M\u00f6glichkeit, verschiedene Modelle bei einer Probefahrt kostenfrei zu testen. So k\u00f6nnen Sie das Fahrgef\u00fchl und die Passform pers\u00f6nlich erleben, bevor Sie sich f\u00fcr Ihren Favoriten entscheiden.<\/p>\n\n\n\n<p><strong>Inspektion und Wartung<\/strong><\/p>\n\n\n\n<p>Um sicherzustellen, dass Ihr Fahrrad oder E-Bike immer in Top-Zustand ist, bieten wir Inspektions- und Wartungsdienste an. Unsere Mechaniker \u00fcberpr\u00fcfen Ihr Fahrrad sorgf\u00e4ltig auf m\u00f6gliche Probleme und f\u00fchren die notwendigen Wartungsarbeiten durch, um Ihre Sicherheit und den reibungslosen Betrieb zu gew\u00e4hrleisten. F\u00fcr E-Bikes bieten wir eine umfassende Fehlerdiagnose, bei der wir den Fehlerspeicher auslesen, die Elektrik \u00fcberpr\u00fcfen und Ihnen au\u00dferdem die neueste Software installieren. Diesen Service k\u00f6nnen wir f\u00fcr folgende Systeme anbieten: Giant-SyncDrive, Bosch, Shimano und Brose<\/p>\n\n\n\n<p><strong>Reparatur-Service<\/strong><\/p>\n\n\n\n<p>Sollte Ihr Fahrrad oder E-Bike einmal eine Reparatur ben\u00f6tigen, sind wir zur Stelle. Unser Reparatur-Service umfasst die fachgerechte Behebung von Defekten und Sch\u00e4den aller Art. Egal, ob es um die Reparatur eines platten Reifens, die Einstellung der Schaltung oder um komplexe Reparaturen geht \u2013 wir k\u00fcmmern uns darum.<\/p>\n\n\n\n<p><strong>Zubeh\u00f6r und Ersatzteile<\/strong><\/p>\n\n\n\n<p>Bei HENN finden Sie eine gro\u00dfe Auswahl an hochwertigem Fahrradzubeh\u00f6r und Ersatzteilen. Von Fahrradhelmen \u00fcber Fahrradtaschen bis hin zu Ersatzschl\u00e4uchen \u2013 bei uns werden Sie f\u00fcndig.<\/p>\n\n\n\n<p><\/p>\n","protected":false},"excerpt":{"rendered":"<p>HENN Zweir\u00e4der bietet Ihnen einen umfassenden Service rund um Fahrr\u00e4der und E-Bikes. Wir sind leidenschaftliche Radfahrer und stehen Ihnen mit unserer langj\u00e4hrigen Erfahrung und Begeisterung gerne zur Seite. Fachkundige Beratung Unser erfahrenes Team steht Ihnen mit Rat und Tat zur Seite, um Ihnen bei der Auswahl des idealen Fahrrads oder E-Bikes zu helfen. Wir h\u00f6ren [&hellip;]<\/p>\n","protected":false},"author":1,"featured_media":0,"parent":0,"menu_order":0,"comment_status":"closed","ping_status":"closed","template":"","meta":{"site-sidebar-layout":"default","site-content-layout":"","ast-site-content-layout":"","site-content-style":"default","site-sidebar-style":"default","ast-global-header-display":"","ast-banner-title-visibility":"","ast-main-header-display":"","ast-hfb-above-header-display":"","ast-hfb-below-header-display":"","ast-hfb-mobile-header-display":"","site-post-title":"","ast-breadcrumbs-content":"","ast-featured-img":"","footer-sml-layout":"","theme-transparent-header-meta":"","adv-header-id-meta":"","stick-header-meta":"","header-above-stick-meta":"","header-main-stick-meta":"","header-below-stick-meta":"","astra-migrate-meta-layouts":"default","ast-page-background-enabled":"default","ast-page-background-meta":{"desktop":{"background-color":"var(--ast-global-color-4)","background-image":"","background-repeat":"repeat","background-position":"center center","background-size":"auto","background-attachment":"scroll","background-type":"","background-media":"","overlay-type":"","overlay-color":"","overlay-opacity":"","overlay-gradient":""},"tablet":{"background-color":"","background-image":"","background-repeat":"repeat","background-position":"center center","background-size":"auto","background-attachment":"scroll","background-type":"","background-media":"","overlay-type":"","overlay-color":"","overlay-opacity":"","overlay-gradient":""},"mobile":{"background-color":"","background-image":"","background-repeat":"repeat","background-position":"center center","background-size":"auto","background-attachment":"scroll","background-type":"","background-media":"","overlay-type":"","overlay-color":"","overlay-opacity":"","overlay-gradient":""}},"ast-content-background-meta":{"desktop":{"background-color":"var(--ast-global-color-5)","background-image":"","background-repeat":"repeat","background-position":"center center","background-size":"auto","background-attachment":"scroll","background-type":"","background-media":"","overlay-type":"","overlay-color":"","overlay-opacity":"","overlay-gradient":""},"tablet":{"background-color":"var(--ast-global-color-5)","background-image":"","background-repeat":"repeat","background-position":"center center","background-size":"auto","background-attachment":"scroll","background-type":"","background-media":"","overlay-type":"","overlay-color":"","overlay-opacity":"","overlay-gradient":""},"mobile":{"background-color":"var(--ast-global-color-5)","background-image":"","background-repeat":"repeat","background-position":"center center","background-size":"auto","background-attachment":"scroll","background-type":"","background-media":"","overlay-type":"","overlay-color":"","overlay-opacity":"","overlay-gradient":""}},"_themeisle_gutenberg_block_has_review":false,"footnotes":""},"class_list":["post-51","page","type-page","status-publish","hentry"],"_links":{"self":[{"href":"https:\/\/henn-zweiraeder.de\/index.php?rest_route=\/wp\/v2\/pages\/51","targetHints":{"allow":["GET"]}}],"collection":[{"href":"https:\/\/henn-zweiraeder.de\/index.php?rest_route=\/wp\/v2\/pages"}],"about":[{"href":"https:\/\/henn-zweiraeder.de\/index.php?rest_route=\/wp\/v2\/types\/page"}],"author":[{"embeddable":true,"href":"https:\/\/henn-zweiraeder.de\/index.php?rest_route=\/wp\/v2\/users\/1"}],"replies":[{"embeddable":true,"href":"https:\/\/henn-zweiraeder.de\/index.php?rest_route=%2Fwp%2Fv2%2Fcomments&post=51"}],"version-history":[{"count":24,"href":"https:\/\/henn-zweiraeder.de\/index.php?rest_route=\/wp\/v2\/pages\/51\/revisions"}],"predecessor-version":[{"id":393,"href":"https:\/\/henn-zweiraeder.de\/index.php?rest_route=\/wp\/v2\/pages\/51\/revisions\/393"}],"wp:attachment":[{"href":"https:\/\/henn-zweiraeder.de\/index.php?rest_route=%2Fwp%2Fv2%2Fmedia&parent=51"}],"curies":[{"name":"wp","href":"https:\/\/api.w.org\/{rel}","templated":true}]}}