{"id":653,"date":"2024-01-23T15:58:08","date_gmt":"2024-01-23T14:58:08","guid":{"rendered":"https:\/\/henn-zweiraeder.de\/?page_id=653"},"modified":"2024-01-23T16:34:51","modified_gmt":"2024-01-23T15:34:51","slug":"gravel-fahrraeder","status":"publish","type":"page","link":"https:\/\/henn-zweiraeder.de\/?page_id=653","title":{"rendered":"Giant \/ LIV Gravel Bikes"},"content":{"rendered":"\n<div class=\"wp-block-media-text is-stacked-on-mobile\"><figure class=\"wp-block-media-text__media\"><img loading=\"lazy\" decoding=\"async\" width=\"1024\" height=\"682\" src=\"https:\/\/henn-zweiraeder.de\/wp-content\/uploads\/2024\/01\/Revolt-Adv.-3.jpg\" alt=\"\" class=\"wp-image-657 size-full\" srcset=\"https:\/\/henn-zweiraeder.de\/wp-content\/uploads\/2024\/01\/Revolt-Adv.-3.jpg 1024w, https:\/\/henn-zweiraeder.de\/wp-content\/uploads\/2024\/01\/Revolt-Adv.-3-300x200.jpg 300w, https:\/\/henn-zweiraeder.de\/wp-content\/uploads\/2024\/01\/Revolt-Adv.-3-768x512.jpg 768w\" sizes=\"auto, (max-width: 1024px) 100vw, 1024px\" \/><\/figure><div class=\"wp-block-media-text__content\">\n<h2 class=\"wp-block-heading\">Giant Revolt Adv. 3<\/h2>\n\n\n\n<p>Raue Stra\u00dfen, Gravel oder Schotter. Wie auch immer du dich entscheidest, dieses Fahrrad macht alles mit. Das leichte, leichtg\u00e4ngige Carbon-Rahmenset und der verstellbare Radstand machen es leistungsf\u00e4higer denn je. <\/p>\n<\/div><\/div>\n\n\n\n<div class=\"wp-block-media-text has-media-on-the-right is-stacked-on-mobile\"><div class=\"wp-block-media-text__content\">\n<h2 class=\"wp-block-heading\">Giant Revolt 1<\/h2>\n\n\n\n<p>Mit diesem neuen Aluminium-Allrounder kannst du auf Stra\u00dfen, Schotter oder im Gel\u00e4nde fahren. Eine Carbon-Gabel sorgt f\u00fcr ein geschmeidiges Fahrverhalten und mit einem Flip-Chip ausfallende kannst du Radstand und Reifenfreiheit einstellen.<\/p>\n<\/div><figure class=\"wp-block-media-text__media\"><img loading=\"lazy\" decoding=\"async\" width=\"1024\" height=\"682\" src=\"https:\/\/henn-zweiraeder.de\/wp-content\/uploads\/2024\/01\/Revolt-1.jpg\" alt=\"\" class=\"wp-image-658 size-full\" srcset=\"https:\/\/henn-zweiraeder.de\/wp-content\/uploads\/2024\/01\/Revolt-1.jpg 1024w, https:\/\/henn-zweiraeder.de\/wp-content\/uploads\/2024\/01\/Revolt-1-300x200.jpg 300w, https:\/\/henn-zweiraeder.de\/wp-content\/uploads\/2024\/01\/Revolt-1-768x512.jpg 768w\" sizes=\"auto, (max-width: 1024px) 100vw, 1024px\" \/><\/figure><\/div>\n\n\n\n<div class=\"wp-block-media-text is-stacked-on-mobile\"><figure class=\"wp-block-media-text__media\"><img loading=\"lazy\" decoding=\"async\" width=\"1024\" height=\"682\" src=\"https:\/\/henn-zweiraeder.de\/wp-content\/uploads\/2024\/01\/Revolt-0.jpg\" alt=\"\" class=\"wp-image-659 size-full\" srcset=\"https:\/\/henn-zweiraeder.de\/wp-content\/uploads\/2024\/01\/Revolt-0.jpg 1024w, https:\/\/henn-zweiraeder.de\/wp-content\/uploads\/2024\/01\/Revolt-0-300x200.jpg 300w, https:\/\/henn-zweiraeder.de\/wp-content\/uploads\/2024\/01\/Revolt-0-768x512.jpg 768w\" sizes=\"auto, (max-width: 1024px) 100vw, 1024px\" \/><\/figure><div class=\"wp-block-media-text__content\">\n<h2 class=\"wp-block-heading\">Giant Revolt 0<\/h2>\n\n\n\n<p>Der Rahmen ist mit einer Endurance-Positionierung und k\u00fcrzeren Kettenstreben f\u00fcr pr\u00e4zises Handling, Agilit\u00e4t und Kontrolle ausgelegt. Ein l\u00e4ngerer Reach, ein k\u00fcrzerer Vorbau und eine geringere Tretlagerabsenkung verbessern die Stabilit\u00e4t auf ruppigem Terrain.<\/p>\n<\/div><\/div>\n\n\n\n<div class=\"wp-block-media-text has-media-on-the-right is-stacked-on-mobile\"><div class=\"wp-block-media-text__content\">\n<h2 class=\"wp-block-heading\">Giant Revolt E+ Pro (E-Bike)<\/h2>\n\n\n\n<p>Von rauen Stra\u00dfen bis hin zu Abenteuern auf Schotter, Erde und gemischtem Terrain &#8211; diese vielseitige Dropbar-E-Bike gibt dir die Kraft, auf jeder Stracke, die du dir nur vorstellen kannst, weiter und schneller zu fahren.<\/p>\n<\/div><figure class=\"wp-block-media-text__media\"><img loading=\"lazy\" decoding=\"async\" width=\"1024\" height=\"682\" src=\"https:\/\/henn-zweiraeder.de\/wp-content\/uploads\/2024\/01\/Revolt-E-Pro.jpg\" alt=\"\" class=\"wp-image-660 size-full\" srcset=\"https:\/\/henn-zweiraeder.de\/wp-content\/uploads\/2024\/01\/Revolt-E-Pro.jpg 1024w, https:\/\/henn-zweiraeder.de\/wp-content\/uploads\/2024\/01\/Revolt-E-Pro-300x200.jpg 300w, https:\/\/henn-zweiraeder.de\/wp-content\/uploads\/2024\/01\/Revolt-E-Pro-768x512.jpg 768w\" sizes=\"auto, (max-width: 1024px) 100vw, 1024px\" \/><\/figure><\/div>\n\n\n\n<div class=\"wp-block-media-text is-stacked-on-mobile\"><figure class=\"wp-block-media-text__media\"><img loading=\"lazy\" decoding=\"async\" width=\"1024\" height=\"682\" src=\"https:\/\/henn-zweiraeder.de\/wp-content\/uploads\/2024\/01\/Devote-1.jpg\" alt=\"\" class=\"wp-image-661 size-full\" srcset=\"https:\/\/henn-zweiraeder.de\/wp-content\/uploads\/2024\/01\/Devote-1.jpg 1024w, https:\/\/henn-zweiraeder.de\/wp-content\/uploads\/2024\/01\/Devote-1-300x200.jpg 300w, https:\/\/henn-zweiraeder.de\/wp-content\/uploads\/2024\/01\/Devote-1-768x512.jpg 768w\" sizes=\"auto, (max-width: 1024px) 100vw, 1024px\" \/><\/figure><div class=\"wp-block-media-text__content\">\n<h2 class=\"wp-block-heading\">LIV Devote 1<\/h2>\n\n\n\n<p>Von Bikepacking und Gravelfahrten bis hin zu Solo- und Gruppenausfahrten &#8211;  das Devote hat das Zeug dazu, alle deine Backcountry-W\u00fcnsche zu erf\u00fcllen.<\/p>\n<\/div><\/div>\n\n\n\n<div class=\"wp-block-media-text has-media-on-the-right is-stacked-on-mobile\"><div class=\"wp-block-media-text__content\">\n<h2 class=\"wp-block-heading\">LIV Devote 0<\/h2>\n\n\n\n<p>Das Devote wurde entwickelt, um deine Gravel-Abenteuerlust zu stillen. Mit seiner ausgewogenen Mischung aus Leistung und Robustheit ist dieses vielseitige Rad f\u00fcr alles bereit &#8211;  von kurzen Abstechern in den Wald \u00fcber lange, kurvenreiche Strecken bis hin zu deinem ersten Gravel-Rennen.<\/p>\n<\/div><figure class=\"wp-block-media-text__media\"><img loading=\"lazy\" decoding=\"async\" width=\"1024\" height=\"682\" src=\"https:\/\/henn-zweiraeder.de\/wp-content\/uploads\/2024\/01\/Devote-0.jpg\" alt=\"\" class=\"wp-image-662 size-full\" srcset=\"https:\/\/henn-zweiraeder.de\/wp-content\/uploads\/2024\/01\/Devote-0.jpg 1024w, https:\/\/henn-zweiraeder.de\/wp-content\/uploads\/2024\/01\/Devote-0-300x200.jpg 300w, https:\/\/henn-zweiraeder.de\/wp-content\/uploads\/2024\/01\/Devote-0-768x512.jpg 768w\" sizes=\"auto, (max-width: 1024px) 100vw, 1024px\" \/><\/figure><\/div>\n\n\n\n<hr class=\"wp-block-separator has-alpha-channel-opacity\"\/>\n","protected":false},"excerpt":{"rendered":"<p>Giant Revolt Adv. 3 Raue Stra\u00dfen, Gravel oder Schotter. Wie auch immer du dich entscheidest, dieses Fahrrad macht alles mit. Das leichte, leichtg\u00e4ngige Carbon-Rahmenset und der verstellbare Radstand machen es leistungsf\u00e4higer denn je. Giant Revolt 1 Mit diesem neuen Aluminium-Allrounder kannst du auf Stra\u00dfen, Schotter oder im Gel\u00e4nde fahren. Eine Carbon-Gabel sorgt f\u00fcr ein geschmeidiges [&hellip;]<\/p>\n","protected":false},"author":1,"featured_media":0,"parent":0,"menu_order":0,"comment_status":"closed","ping_status":"closed","template":"","meta":{"site-sidebar-layout":"default","site-content-layout":"","ast-site-content-layout":"","site-content-style":"default","site-sidebar-style":"default","ast-global-header-display":"","ast-banner-title-visibility":"","ast-main-header-display":"","ast-hfb-above-header-display":"","ast-hfb-below-header-display":"","ast-hfb-mobile-header-display":"","site-post-title":"","ast-breadcrumbs-content":"","ast-featured-img":"","footer-sml-layout":"","theme-transparent-header-meta":"","adv-header-id-meta":"","stick-header-meta":"","header-above-stick-meta":"","header-main-stick-meta":"","header-below-stick-meta":"","astra-migrate-meta-layouts":"default","ast-page-background-enabled":"default","ast-page-background-meta":{"desktop":{"background-color":"var(--ast-global-color-4)","background-image":"","background-repeat":"repeat","background-position":"center center","background-size":"auto","background-attachment":"scroll","background-type":"","background-media":"","overlay-type":"","overlay-color":"","overlay-opacity":"","overlay-gradient":""},"tablet":{"background-color":"","background-image":"","background-repeat":"repeat","background-position":"center center","background-size":"auto","background-attachment":"scroll","background-type":"","background-media":"","overlay-type":"","overlay-color":"","overlay-opacity":"","overlay-gradient":""},"mobile":{"background-color":"","background-image":"","background-repeat":"repeat","background-position":"center center","background-size":"auto","background-attachment":"scroll","background-type":"","background-media":"","overlay-type":"","overlay-color":"","overlay-opacity":"","overlay-gradient":""}},"ast-content-background-meta":{"desktop":{"background-color":"var(--ast-global-color-5)","background-image":"","background-repeat":"repeat","background-position":"center center","background-size":"auto","background-attachment":"scroll","background-type":"","background-media":"","overlay-type":"","overlay-color":"","overlay-opacity":"","overlay-gradient":""},"tablet":{"background-color":"var(--ast-global-color-5)","background-image":"","background-repeat":"repeat","background-position":"center center","background-size":"auto","background-attachment":"scroll","background-type":"","background-media":"","overlay-type":"","overlay-color":"","overlay-opacity":"","overlay-gradient":""},"mobile":{"background-color":"var(--ast-global-color-5)","background-image":"","background-repeat":"repeat","background-position":"center center","background-size":"auto","background-attachment":"scroll","background-type":"","background-media":"","overlay-type":"","overlay-color":"","overlay-opacity":"","overlay-gradient":""}},"_themeisle_gutenberg_block_has_review":false,"footnotes":""},"class_list":["post-653","page","type-page","status-publish","hentry"],"_links":{"self":[{"href":"https:\/\/henn-zweiraeder.de\/index.php?rest_route=\/wp\/v2\/pages\/653","targetHints":{"allow":["GET"]}}],"collection":[{"href":"https:\/\/henn-zweiraeder.de\/index.php?rest_route=\/wp\/v2\/pages"}],"about":[{"href":"https:\/\/henn-zweiraeder.de\/index.php?rest_route=\/wp\/v2\/types\/page"}],"author":[{"embeddable":true,"href":"https:\/\/henn-zweiraeder.de\/index.php?rest_route=\/wp\/v2\/users\/1"}],"replies":[{"embeddable":true,"href":"https:\/\/henn-zweiraeder.de\/index.php?rest_route=%2Fwp%2Fv2%2Fcomments&post=653"}],"version-history":[{"count":10,"href":"https:\/\/henn-zweiraeder.de\/index.php?rest_route=\/wp\/v2\/pages\/653\/revisions"}],"predecessor-version":[{"id":683,"href":"https:\/\/henn-zweiraeder.de\/index.php?rest_route=\/wp\/v2\/pages\/653\/revisions\/683"}],"wp:attachment":[{"href":"https:\/\/henn-zweiraeder.de\/index.php?rest_route=%2Fwp%2Fv2%2Fmedia&parent=653"}],"curies":[{"name":"wp","href":"https:\/\/api.w.org\/{rel}","templated":true}]}}